{"id":77,"date":"2024-05-04T21:55:43","date_gmt":"2024-05-04T19:55:43","guid":{"rendered":"https:\/\/com-n-connect.fr\/?page_id=77"},"modified":"2025-10-06T16:58:22","modified_gmt":"2025-10-06T14:58:22","slug":"infographie-webdesign","status":"publish","type":"page","link":"https:\/\/com-n-connect.fr\/index.php\/agence-et-support-de-communication\/infographie-webdesign\/","title":{"rendered":"Infographie &#8211; Webdesign"},"content":{"rendered":"<div id=\"pl-77\"  class=\"panel-layout\" ><div id=\"pg-77-0\"  class=\"panel-grid panel-no-style\" ><div id=\"pgc-77-0-0\"  class=\"panel-grid-cell\" ><div id=\"panel-77-0-0-0\" class=\"so-panel widget widget_sow-headline panel-first-child panel-last-child\" data-index=\"0\" ><div\n\t\t\t\n\t\t\tclass=\"so-widget-sow-headline so-widget-sow-headline-default-8cb76b6c66c5-77\"\n\t\t\t\n\t\t><div class=\"sow-headline-container \">\n\t\t\t\t\t\t\t<h2 class=\"sow-headline\">\n\t\t\t\t\t\t\u00c9panouissez-vous dans votre cr\u00e9ativit\u00e9 graphique !\t\t\t\t\t\t<\/h2>\n\t\t\t\t\t\t\t\t\t\t\t<div class=\"decoration\">\n\t\t\t\t\t\t<div class=\"decoration-inside\"><\/div>\n\t\t\t\t\t<\/div>\n\t\t\t\t\t<\/div>\n<\/div><\/div><\/div><\/div><div id=\"pg-77-1\"  class=\"panel-grid panel-has-style\" ><div class=\"panel-row-style panel-row-style-for-77-1\" ><div id=\"pgc-77-1-0\"  class=\"panel-grid-cell\" ><div id=\"panel-77-1-0-0\" class=\"so-panel widget widget_sow-editor panel-first-child\" data-index=\"1\" ><div\n\t\t\t\n\t\t\tclass=\"so-widget-sow-editor so-widget-sow-editor-base\"\n\t\t\t\n\t\t>\n<div class=\"siteorigin-widget-tinymce textwidget\">\n\t<p style=\"text-align: justify;\">Mes services en infographie et webdesign vous permettent de donner vie \u00e0 vos id\u00e9es et de les transformer en r\u00e9alit\u00e9s num\u00e9riques captivantes. Que vous ayez besoin d'un site <a href=\"https:\/\/com-n-connect.fr\/index.php\/site-web-orchies-pevele\/gestion-association-joomla\/\">web<\/a> \u00e9l\u00e9gant et fonctionnel, d'une identit\u00e9 visuelle percutante ou de supports graphiques impactants, ma cr\u00e9ativit\u00e9 saura relever le d\u00e9fi.<\/p>\n<p style=\"text-align: justify;\">Je ma\u00eetrise les principales technologies pour concevoir des interfaces web sur-mesure, \u00e0 la fois esth\u00e9tiques et intuitives. J'accorderais une attention particuli\u00e8re \u00e0 l'ergonomie et \u00e0 l'exp\u00e9rience utilisateur afin de vous d\u00e9marquer de la concurrence et d'engager durablement votre audience.<\/p>\n<p style=\"text-align: justify;\">En parall\u00e8le, je vous accompagnerai dans la cr\u00e9ation d'une image de marque distinctive. J'imaginerai pour vous un logo captivant, des illustrations \u00e9vocatrices et des \u00e9l\u00e9ments graphiques remarquables qui refl\u00e8teront avec brio votre personnalit\u00e9 et vos valeurs gr\u00e2ce \u00e0 mon travail en infographie et webdesign.<\/p>\n<p style=\"text-align: justify;\">Que vous ayez besoin d'un site vitrine, d'un portail e-commerce ou de supports de communication print ou num\u00e9riques, je mettrai tout mon savoir-faire et ma cr\u00e9ativit\u00e9 au service de votre r\u00e9ussite. Ensemble, nous construirons une pr\u00e9sence en ligne puissante et une image de marque m\u00e9morable qui propulseront votre activit\u00e9 vers de nouveaux sommets.<\/p>\n<\/div>\n<\/div><\/div><div id=\"panel-77-1-0-1\" class=\"so-panel widget widget_sow-headline panel-last-child\" data-index=\"2\" ><div\n\t\t\t\n\t\t\tclass=\"so-widget-sow-headline so-widget-sow-headline-default-128debc3878c-77\"\n\t\t\t\n\t\t><div class=\"sow-headline-container \">\n\t\t\t\t\t\t\t<h4 class=\"sow-headline\">\n\t\t\t\t\t\tConstruisez-vous une image impactante !\t\t\t\t\t\t<\/h4>\n\t\t\t\t\t\t<\/div>\n<\/div><\/div><\/div><\/div><\/div><div id=\"pg-77-2\"  class=\"panel-grid panel-no-style\" ><div id=\"pgc-77-2-0\"  class=\"panel-grid-cell\" ><div id=\"panel-77-2-0-0\" class=\"so-panel widget widget_sow-image panel-first-child\" data-index=\"3\" ><div class=\"panel-widget-style panel-widget-style-for-77-2-0-0\" ><div\n\t\t\t\n\t\t\tclass=\"so-widget-sow-image so-widget-sow-image-default-c67d20f9f743-77\"\n\t\t\t\n\t\t>\n<div class=\"sow-image-container\">\n\t\t<img \n\tsrc=\"https:\/\/com-n-connect.fr\/wp-content\/uploads\/2024\/06\/webdesign-print.jpg\" width=\"1000\" height=\"680\" srcset=\"https:\/\/com-n-connect.fr\/wp-content\/uploads\/2024\/06\/webdesign-print.jpg 1000w, https:\/\/com-n-connect.fr\/wp-content\/uploads\/2024\/06\/webdesign-print-300x204.jpg 300w, https:\/\/com-n-connect.fr\/wp-content\/uploads\/2024\/06\/webdesign-print-768x522.jpg 768w\" sizes=\"(max-width: 1000px) 100vw, 1000px\" alt=\"Cr\u00e9ation d&#039;un site internet\" \t\tclass=\"so-widget-image\"\/>\n\t<\/div>\n\n<\/div><\/div><\/div><div id=\"panel-77-2-0-1\" class=\"so-panel widget widget_sow-headline panel-last-child\" data-index=\"4\" ><div\n\t\t\t\n\t\t\tclass=\"so-widget-sow-headline so-widget-sow-headline-default-c0b9174a8d85-77\"\n\t\t\t\n\t\t><div class=\"sow-headline-container \">\n\t\t\t\t\t\t\t<h3 class=\"sow-sub-headline\">\n\t\t\t\t\t\t\t\t\t\t\t\t\t<a href=\"https:\/\/com-n-connect.fr\/index.php\/devis-communication-web-print\/\" >\n\t\t\t\t\t\t\t\tCONTACTEZ-MOI<\/a>\t\t\t\t\t\t<\/h3>\n\t\t\t\t\t\t<\/div>\n<\/div><\/div><\/div><\/div><\/div>","protected":false},"excerpt":{"rendered":"<p>Mes services en infographie et webdesign vous permettent de donner vie \u00e0 vos id\u00e9es et de les transformer en r\u00e9alit\u00e9s num\u00e9riques captivantes. Que vous ayez besoin d&rsquo;un site web \u00e9l\u00e9gant et fonctionnel, d&rsquo;une identit\u00e9 visuelle percutante ou de supports graphiques impactants, ma cr\u00e9ativit\u00e9 saura relever le d\u00e9fi. Je ma\u00eetrise les principales technologies pour concevoir des [&hellip;]<\/p>\n","protected":false},"author":1,"featured_media":0,"parent":46,"menu_order":0,"comment_status":"closed","ping_status":"closed","template":"","meta":{"footnotes":""},"class_list":["post-77","page","type-page","status-publish","hentry","post"],"yoast_head":"<!-- This site is optimized with the Yoast SEO plugin v26.3 - https:\/\/yoast.com\/wordpress\/plugins\/seo\/ -->\n<title>Infographie &amp; Webdesign \u2013 Cr\u00e9ation visuelle sur-mesure<\/title>\n<meta name=\"description\" content=\"Donnez vie \u00e0 vos id\u00e9es : identit\u00e9 visuelle, infographie &amp; webdesign impactant cr\u00e9\u00e9s avec soin par Com&amp;Connect.\" \/>\n<meta name=\"robots\" content=\"index, follow, max-snippet:-1, max-image-preview:large, max-video-preview:-1\" \/>\n<link rel=\"canonical\" href=\"https:\/\/com-n-connect.fr\/index.php\/agence-et-support-de-communication\/infographie-webdesign\/\" \/>\n<meta property=\"og:locale\" content=\"fr_FR\" \/>\n<meta property=\"og:type\" content=\"article\" \/>\n<meta property=\"og:title\" content=\"Infographie &amp; Webdesign \u2013 Cr\u00e9ation visuelle sur-mesure\" \/>\n<meta property=\"og:description\" content=\"Donnez vie \u00e0 vos id\u00e9es : identit\u00e9 visuelle, infographie &amp; webdesign impactant cr\u00e9\u00e9s avec soin par Com&amp;Connect.\" \/>\n<meta property=\"og:url\" content=\"https:\/\/com-n-connect.fr\/index.php\/agence-et-support-de-communication\/infographie-webdesign\/\" \/>\n<meta property=\"og:site_name\" content=\"Com&amp;Connect\" \/>\n<meta property=\"article:publisher\" content=\"https:\/\/www.facebook.com\/comnconnect\" \/>\n<meta property=\"article:modified_time\" content=\"2025-10-06T14:58:22+00:00\" \/>\n<meta property=\"og:image\" content=\"https:\/\/com-n-connect.fr\/wp-content\/uploads\/2025\/09\/backweb-e1759349267464.jpg\" \/>\n\t<meta property=\"og:image:width\" content=\"1200\" \/>\n\t<meta property=\"og:image:height\" content=\"458\" \/>\n\t<meta property=\"og:image:type\" content=\"image\/jpeg\" \/>\n<meta name=\"twitter:card\" content=\"summary_large_image\" \/>\n<meta name=\"twitter:label1\" content=\"Dur\u00e9e de lecture estim\u00e9e\" \/>\n\t<meta name=\"twitter:data1\" content=\"2 minutes\" \/>\n<script type=\"application\/ld+json\" class=\"yoast-schema-graph\">{\"@context\":\"https:\/\/schema.org\",\"@graph\":[{\"@type\":\"WebPage\",\"@id\":\"https:\/\/com-n-connect.fr\/index.php\/agence-et-support-de-communication\/infographie-webdesign\/\",\"url\":\"https:\/\/com-n-connect.fr\/index.php\/agence-et-support-de-communication\/infographie-webdesign\/\",\"name\":\"Infographie & Webdesign \u2013 Cr\u00e9ation visuelle sur-mesure\",\"isPartOf\":{\"@id\":\"https:\/\/com-n-connect.fr\/#website\"},\"datePublished\":\"2024-05-04T19:55:43+00:00\",\"dateModified\":\"2025-10-06T14:58:22+00:00\",\"description\":\"Donnez vie \u00e0 vos id\u00e9es : identit\u00e9 visuelle, infographie & webdesign impactant cr\u00e9\u00e9s avec soin par Com&Connect.\",\"breadcrumb\":{\"@id\":\"https:\/\/com-n-connect.fr\/index.php\/agence-et-support-de-communication\/infographie-webdesign\/#breadcrumb\"},\"inLanguage\":\"fr-FR\",\"potentialAction\":[{\"@type\":\"ReadAction\",\"target\":[\"https:\/\/com-n-connect.fr\/index.php\/agence-et-support-de-communication\/infographie-webdesign\/\"]}]},{\"@type\":\"BreadcrumbList\",\"@id\":\"https:\/\/com-n-connect.fr\/index.php\/agence-et-support-de-communication\/infographie-webdesign\/#breadcrumb\",\"itemListElement\":[{\"@type\":\"ListItem\",\"position\":1,\"name\":\"Accueil\",\"item\":\"https:\/\/com-n-connect.fr\/\"},{\"@type\":\"ListItem\",\"position\":2,\"name\":\"\ud83d\udce2 Communication\",\"item\":\"https:\/\/com-n-connect.fr\/index.php\/agence-et-support-de-communication\/\"},{\"@type\":\"ListItem\",\"position\":3,\"name\":\"Infographie &#8211; Webdesign\"}]},{\"@type\":\"WebSite\",\"@id\":\"https:\/\/com-n-connect.fr\/#website\",\"url\":\"https:\/\/com-n-connect.fr\/\",\"name\":\"Com&Connect\",\"description\":\"L&#039;agence de communication id\u00e9ale pour tous vos projets Web &amp; Print !\",\"publisher\":{\"@id\":\"https:\/\/com-n-connect.fr\/#organization\"},\"alternateName\":\"Agence de communication Orchies\",\"potentialAction\":[{\"@type\":\"SearchAction\",\"target\":{\"@type\":\"EntryPoint\",\"urlTemplate\":\"https:\/\/com-n-connect.fr\/?s={search_term_string}\"},\"query-input\":{\"@type\":\"PropertyValueSpecification\",\"valueRequired\":true,\"valueName\":\"search_term_string\"}}],\"inLanguage\":\"fr-FR\"},{\"@type\":\"Organization\",\"@id\":\"https:\/\/com-n-connect.fr\/#organization\",\"name\":\"Com' & Connect\",\"alternateName\":\"Agence de communication\",\"url\":\"https:\/\/com-n-connect.fr\/\",\"logo\":{\"@type\":\"ImageObject\",\"inLanguage\":\"fr-FR\",\"@id\":\"https:\/\/com-n-connect.fr\/#\/schema\/logo\/image\/\",\"url\":\"https:\/\/com-n-connect.fr\/wp-content\/uploads\/2025\/05\/LOGOCC_gd-150x82-1.png\",\"contentUrl\":\"https:\/\/com-n-connect.fr\/wp-content\/uploads\/2025\/05\/LOGOCC_gd-150x82-1.png\",\"width\":150,\"height\":82,\"caption\":\"Com' & Connect\"},\"image\":{\"@id\":\"https:\/\/com-n-connect.fr\/#\/schema\/logo\/image\/\"},\"sameAs\":[\"https:\/\/www.facebook.com\/comnconnect\",\"https:\/\/www.linkedin.com\/in\/julien-pruvost-766200176\/\"]}]}<\/script>\n<!-- \/ Yoast SEO plugin. -->","yoast_head_json":{"title":"Infographie & Webdesign \u2013 Cr\u00e9ation visuelle sur-mesure","description":"Donnez vie \u00e0 vos id\u00e9es : identit\u00e9 visuelle, infographie & webdesign impactant cr\u00e9\u00e9s avec soin par Com&Connect.","robots":{"index":"index","follow":"follow","max-snippet":"max-snippet:-1","max-image-preview":"max-image-preview:large","max-video-preview":"max-video-preview:-1"},"canonical":"https:\/\/com-n-connect.fr\/index.php\/agence-et-support-de-communication\/infographie-webdesign\/","og_locale":"fr_FR","og_type":"article","og_title":"Infographie & Webdesign \u2013 Cr\u00e9ation visuelle sur-mesure","og_description":"Donnez vie \u00e0 vos id\u00e9es : identit\u00e9 visuelle, infographie & webdesign impactant cr\u00e9\u00e9s avec soin par Com&Connect.","og_url":"https:\/\/com-n-connect.fr\/index.php\/agence-et-support-de-communication\/infographie-webdesign\/","og_site_name":"Com&amp;Connect","article_publisher":"https:\/\/www.facebook.com\/comnconnect","article_modified_time":"2025-10-06T14:58:22+00:00","og_image":[{"width":1200,"height":458,"url":"https:\/\/com-n-connect.fr\/wp-content\/uploads\/2025\/09\/backweb-e1759349267464.jpg","type":"image\/jpeg"}],"twitter_card":"summary_large_image","twitter_misc":{"Dur\u00e9e de lecture estim\u00e9e":"2 minutes"},"schema":{"@context":"https:\/\/schema.org","@graph":[{"@type":"WebPage","@id":"https:\/\/com-n-connect.fr\/index.php\/agence-et-support-de-communication\/infographie-webdesign\/","url":"https:\/\/com-n-connect.fr\/index.php\/agence-et-support-de-communication\/infographie-webdesign\/","name":"Infographie & Webdesign \u2013 Cr\u00e9ation visuelle sur-mesure","isPartOf":{"@id":"https:\/\/com-n-connect.fr\/#website"},"datePublished":"2024-05-04T19:55:43+00:00","dateModified":"2025-10-06T14:58:22+00:00","description":"Donnez vie \u00e0 vos id\u00e9es : identit\u00e9 visuelle, infographie & webdesign impactant cr\u00e9\u00e9s avec soin par Com&Connect.","breadcrumb":{"@id":"https:\/\/com-n-connect.fr\/index.php\/agence-et-support-de-communication\/infographie-webdesign\/#breadcrumb"},"inLanguage":"fr-FR","potentialAction":[{"@type":"ReadAction","target":["https:\/\/com-n-connect.fr\/index.php\/agence-et-support-de-communication\/infographie-webdesign\/"]}]},{"@type":"BreadcrumbList","@id":"https:\/\/com-n-connect.fr\/index.php\/agence-et-support-de-communication\/infographie-webdesign\/#breadcrumb","itemListElement":[{"@type":"ListItem","position":1,"name":"Accueil","item":"https:\/\/com-n-connect.fr\/"},{"@type":"ListItem","position":2,"name":"\ud83d\udce2 Communication","item":"https:\/\/com-n-connect.fr\/index.php\/agence-et-support-de-communication\/"},{"@type":"ListItem","position":3,"name":"Infographie &#8211; Webdesign"}]},{"@type":"WebSite","@id":"https:\/\/com-n-connect.fr\/#website","url":"https:\/\/com-n-connect.fr\/","name":"Com&Connect","description":"L&#039;agence de communication id\u00e9ale pour tous vos projets Web &amp; Print !","publisher":{"@id":"https:\/\/com-n-connect.fr\/#organization"},"alternateName":"Agence de communication Orchies","potentialAction":[{"@type":"SearchAction","target":{"@type":"EntryPoint","urlTemplate":"https:\/\/com-n-connect.fr\/?s={search_term_string}"},"query-input":{"@type":"PropertyValueSpecification","valueRequired":true,"valueName":"search_term_string"}}],"inLanguage":"fr-FR"},{"@type":"Organization","@id":"https:\/\/com-n-connect.fr\/#organization","name":"Com' & Connect","alternateName":"Agence de communication","url":"https:\/\/com-n-connect.fr\/","logo":{"@type":"ImageObject","inLanguage":"fr-FR","@id":"https:\/\/com-n-connect.fr\/#\/schema\/logo\/image\/","url":"https:\/\/com-n-connect.fr\/wp-content\/uploads\/2025\/05\/LOGOCC_gd-150x82-1.png","contentUrl":"https:\/\/com-n-connect.fr\/wp-content\/uploads\/2025\/05\/LOGOCC_gd-150x82-1.png","width":150,"height":82,"caption":"Com' & Connect"},"image":{"@id":"https:\/\/com-n-connect.fr\/#\/schema\/logo\/image\/"},"sameAs":["https:\/\/www.facebook.com\/comnconnect","https:\/\/www.linkedin.com\/in\/julien-pruvost-766200176\/"]}]}},"_links":{"self":[{"href":"https:\/\/com-n-connect.fr\/index.php\/wp-json\/wp\/v2\/pages\/77","targetHints":{"allow":["GET"]}}],"collection":[{"href":"https:\/\/com-n-connect.fr\/index.php\/wp-json\/wp\/v2\/pages"}],"about":[{"href":"https:\/\/com-n-connect.fr\/index.php\/wp-json\/wp\/v2\/types\/page"}],"author":[{"embeddable":true,"href":"https:\/\/com-n-connect.fr\/index.php\/wp-json\/wp\/v2\/users\/1"}],"replies":[{"embeddable":true,"href":"https:\/\/com-n-connect.fr\/index.php\/wp-json\/wp\/v2\/comments?post=77"}],"version-history":[{"count":8,"href":"https:\/\/com-n-connect.fr\/index.php\/wp-json\/wp\/v2\/pages\/77\/revisions"}],"predecessor-version":[{"id":4887,"href":"https:\/\/com-n-connect.fr\/index.php\/wp-json\/wp\/v2\/pages\/77\/revisions\/4887"}],"up":[{"embeddable":true,"href":"https:\/\/com-n-connect.fr\/index.php\/wp-json\/wp\/v2\/pages\/46"}],"wp:attachment":[{"href":"https:\/\/com-n-connect.fr\/index.php\/wp-json\/wp\/v2\/media?parent=77"}],"curies":[{"name":"wp","href":"https:\/\/api.w.org\/{rel}","templated":true}]}}