{"id":48,"date":"2024-05-04T21:43:08","date_gmt":"2024-05-04T19:43:08","guid":{"rendered":"https:\/\/com-n-connect.fr\/?page_id=48"},"modified":"2025-10-06T17:04:50","modified_gmt":"2025-10-06T15:04:50","slug":"solutions-communication-accessibles","status":"publish","type":"page","link":"https:\/\/com-n-connect.fr\/index.php\/solutions-communication-accessibles\/","title":{"rendered":"\ud83d\udc4d Les Coups de Pouce"},"content":{"rendered":"<div id=\"pl-48\"  class=\"panel-layout\" ><div id=\"pg-48-0\"  class=\"panel-grid panel-no-style\" ><div id=\"pgc-48-0-0\"  class=\"panel-grid-cell\" ><div id=\"panel-48-0-0-0\" class=\"so-panel widget widget_sow-headline panel-first-child panel-last-child\" data-index=\"0\" ><div\n\t\t\t\n\t\t\tclass=\"so-widget-sow-headline so-widget-sow-headline-default-8cb76b6c66c5-48\"\n\t\t\t\n\t\t><div class=\"sow-headline-container \">\n\t\t\t\t\t\t\t<h2 class=\"sow-headline\">\n\t\t\t\t\t\tUn coup de pouce est toujours le bienvenu !\t\t\t\t\t\t<\/h2>\n\t\t\t\t\t\t\t\t\t\t\t<div class=\"decoration\">\n\t\t\t\t\t\t<div class=\"decoration-inside\"><\/div>\n\t\t\t\t\t<\/div>\n\t\t\t\t\t<\/div>\n<\/div><\/div><\/div><\/div><div id=\"pg-48-1\"  class=\"panel-grid panel-has-style\" ><div class=\"panel-row-style panel-row-style-for-48-1\" ><div id=\"pgc-48-1-0\"  class=\"panel-grid-cell\" ><div id=\"panel-48-1-0-0\" class=\"so-panel widget widget_sow-editor panel-first-child\" data-index=\"1\" ><div\n\t\t\t\n\t\t\tclass=\"so-widget-sow-editor so-widget-sow-editor-base\"\n\t\t\t\n\t\t>\n<div class=\"siteorigin-widget-tinymce textwidget\">\n\t<p>&nbsp;<\/p>\n<h5 style=\"text-align: justify;\">Je vous propose des solutions de communication accessibles.<\/h5>\n<p style=\"text-align: justify;\">En tant qu'entreprise, vous pouvez b\u00e9n\u00e9ficier grandement d'un coup de pouce ext\u00e9rieur. L'objectif est de booster votre visibilit\u00e9 et votre pr\u00e9sence en ligne. Par exemple, un professionnel pourrait se charger de la mise en ligne de vos produits sur votre site <a href=\"https:\/\/com-n-connect.fr\/index.php\/site-web-orchies-pevele\/gestion-association-joomla\/\">web<\/a> ou sur des places de march\u00e9 en ligne. Cela permettrait de mettre en valeur votre offre de mani\u00e8re attrayante et structur\u00e9e. Une offre agr\u00e9ment\u00e9e de fiches produits compl\u00e8tes, de photos de qualit\u00e9 et une organisation intuitive.<\/p>\n<p style=\"text-align: justify;\">Parall\u00e8lement, gr\u00e2ce \u00e0 mon <a href=\"https:\/\/www.lesechos.fr\/idees-debats\/leadership-management\/freelance-un-choix-de-carriere-affirme-et-tres-porteur-2085262\">expertise<\/a> en communication visuelle, je pourrais concevoir pour vous une identit\u00e9 graphique soign\u00e9e, des supports publicitaires percutants et une charte graphique coh\u00e9rente. Je mettrai mon exp\u00e9rience au service de tous vos canaux. Cela contribuerait \u00e0 renforcer votre image de marque et \u00e0 vous d\u00e9marquer de la concurrence.<\/p>\n<p style=\"text-align: justify;\">Enfin, l'ajout de contenu pertinent et r\u00e9gulier sur votre site web, vos r\u00e9seaux sociaux ou votre blog serait \u00e9galement un plus ind\u00e9niable. Cela vous aiderait \u00e0 tisser un lien authentique avec vos clients. Vous pourrez d\u00e9montrer votre expertise et booster votre r\u00e9f\u00e9rencement naturel. Pour couronner le tout, la cr\u00e9ation d'une fiche d'entreprise Google My Business optimis\u00e9e serait un atout majeur pour votre r\u00e9f\u00e9rencement local. Cela vous permettrait d'\u00eatre mieux r\u00e9f\u00e9renc\u00e9 sur les recherches de proximit\u00e9. Vous gagnerez en visibilit\u00e9 aupr\u00e8s des consommateurs de votre zone.<\/p>\n<p style=\"text-align: justify;\">Bref, un coup de pouce avis\u00e9 sur ces diff\u00e9rents leviers vous aiderait grandement \u00e0 d\u00e9velopper votre pr\u00e9sence en ligne. Vous d\u00e9velopperez votre notori\u00e9t\u00e9 aupr\u00e8s de vos clients potentiels. Ne passez pas \u00e0 c\u00f4t\u00e9 de solutions de communication accessibles ! Je suis toujours pr\u00e9sent pour vous accompagner !<\/p>\n<\/div>\n<\/div><\/div><div id=\"panel-48-1-0-1\" class=\"so-panel widget widget_sow-headline panel-last-child\" data-index=\"2\" ><div\n\t\t\t\n\t\t\tclass=\"so-widget-sow-headline so-widget-sow-headline-default-128debc3878c-48\"\n\t\t\t\n\t\t><div class=\"sow-headline-container \">\n\t\t\t\t\t\t\t<h3 class=\"sow-sub-headline\">\n\t\t\t\t\t\tGr\u00e2ce \u00e0 mon statut d'ind\u00e9pendant et conscient des co\u00fbts d'exploitation, je vous propose une facturation forfaitaire, plus claire et lisible par rapport \u00e0 un tarif horaire ou journalier.\t\t\t\t\t\t<\/h3>\n\t\t\t\t\t\t<\/div>\n<\/div><\/div><\/div><\/div><\/div><div id=\"pg-48-2\"  class=\"panel-grid panel-no-style\" ><div id=\"pgc-48-2-0\"  class=\"panel-grid-cell\" ><div id=\"panel-48-2-0-0\" class=\"so-panel widget widget_sow-headline panel-first-child panel-last-child\" data-index=\"3\" ><div\n\t\t\t\n\t\t\tclass=\"so-widget-sow-headline so-widget-sow-headline-default-c0b9174a8d85-48\"\n\t\t\t\n\t\t><div class=\"sow-headline-container \">\n\t\t\t\t\t\t\t<h3 class=\"sow-sub-headline\">\n\t\t\t\t\t\t\t\t\t\t\t\t\t<a href=\"https:\/\/com-n-connect.fr\/index.php\/devis-communication-web-print\/\" >\n\t\t\t\t\t\t\t\tCONTACTEZ-MOI<\/a>\t\t\t\t\t\t<\/h3>\n\t\t\t\t\t\t<\/div>\n<\/div><\/div><\/div><\/div><div id=\"pg-48-3\"  class=\"panel-grid panel-no-style\" ><div id=\"pgc-48-3-0\"  class=\"panel-grid-cell\" ><div id=\"panel-48-3-0-0\" class=\"so-panel widget widget_sow-image panel-first-child panel-last-child\" data-index=\"4\" ><div\n\t\t\t\n\t\t\tclass=\"so-widget-sow-image so-widget-sow-image-default-8b5b6f678277-48\"\n\t\t\t\n\t\t>\n<div class=\"sow-image-container\">\n\t\t<img \n\tsrc=\"https:\/\/com-n-connect.fr\/wp-content\/uploads\/2025\/10\/homme-montrer.png\" width=\"2000\" height=\"2000\" srcset=\"https:\/\/com-n-connect.fr\/wp-content\/uploads\/2025\/10\/homme-montrer.png 2000w, https:\/\/com-n-connect.fr\/wp-content\/uploads\/2025\/10\/homme-montrer-300x300.png 300w, https:\/\/com-n-connect.fr\/wp-content\/uploads\/2025\/10\/homme-montrer-1024x1024.png 1024w, https:\/\/com-n-connect.fr\/wp-content\/uploads\/2025\/10\/homme-montrer-150x150.png 150w, https:\/\/com-n-connect.fr\/wp-content\/uploads\/2025\/10\/homme-montrer-768x768.png 768w, https:\/\/com-n-connect.fr\/wp-content\/uploads\/2025\/10\/homme-montrer-1536x1536.png 1536w, https:\/\/com-n-connect.fr\/wp-content\/uploads\/2025\/10\/homme-montrer-375x375.png 375w, https:\/\/com-n-connect.fr\/wp-content\/uploads\/2025\/10\/homme-montrer-216x216.png 216w\" sizes=\"(max-width: 2000px) 100vw, 2000px\" alt=\"\" \t\tclass=\"so-widget-image\"\/>\n\t<\/div>\n\n<\/div><\/div><\/div><div id=\"pgc-48-3-1\"  class=\"panel-grid-cell\" ><div id=\"panel-48-3-1-0\" class=\"so-panel widget widget_sow-lottie-player panel-first-child panel-last-child\" data-index=\"5\" ><div\n\t\t\t\n\t\t\tclass=\"so-widget-sow-lottie-player so-widget-sow-lottie-player-default-d75171398898-48\"\n\t\t\t\n\t\t>\n<div class=\"sow-lottie-player\" \n>\n\t\t<lottie-player\n\t\tclass=\"sow-lottie-player\"\n\t\tautoplay loop \t\tsrc=\"https:\/\/com-n-connect.fr\/wp-content\/uploads\/2024\/07\/Animation-1720639571145.json\"\n\t>\n\t<\/lottie-player>\n<\/div>\n<\/div><\/div><\/div><\/div><\/div>","protected":false},"excerpt":{"rendered":"<p>&nbsp; Je vous propose des solutions de communication accessibles. En tant qu&rsquo;entreprise, vous pouvez b\u00e9n\u00e9ficier grandement d&rsquo;un coup de pouce ext\u00e9rieur. L&rsquo;objectif est de booster votre visibilit\u00e9 et votre pr\u00e9sence en ligne. Par exemple, un professionnel pourrait se charger de la mise en ligne de vos produits sur votre site web ou sur des places [&hellip;]<\/p>\n","protected":false},"author":1,"featured_media":0,"parent":0,"menu_order":0,"comment_status":"closed","ping_status":"closed","template":"","meta":{"footnotes":""},"class_list":["post-48","page","type-page","status-publish","hentry","post"],"yoast_head":"<!-- This site is optimized with the Yoast SEO plugin v26.3 - https:\/\/yoast.com\/wordpress\/plugins\/seo\/ -->\n<title>Coups de pouce \u2013 Solutions accessibles pour votre communication<\/title>\n<meta name=\"description\" content=\"Les \u00ab coups de pouce \u00bb : solutions accessibles et efficaces pour booster votre communication et vos projets, sans exploser votre budget.\" \/>\n<meta name=\"robots\" content=\"index, follow, max-snippet:-1, max-image-preview:large, max-video-preview:-1\" \/>\n<link rel=\"canonical\" href=\"https:\/\/com-n-connect.fr\/index.php\/solutions-communication-accessibles\/\" \/>\n<meta property=\"og:locale\" content=\"fr_FR\" \/>\n<meta property=\"og:type\" content=\"article\" \/>\n<meta property=\"og:title\" content=\"Coups de pouce \u2013 Solutions accessibles pour votre communication\" \/>\n<meta property=\"og:description\" content=\"Les \u00ab coups de pouce \u00bb : solutions accessibles et efficaces pour booster votre communication et vos projets, sans exploser votre budget.\" \/>\n<meta property=\"og:url\" content=\"https:\/\/com-n-connect.fr\/index.php\/solutions-communication-accessibles\/\" \/>\n<meta property=\"og:site_name\" content=\"Com&amp;Connect\" \/>\n<meta property=\"article:publisher\" content=\"https:\/\/www.facebook.com\/comnconnect\" \/>\n<meta property=\"article:modified_time\" content=\"2025-10-06T15:04:50+00:00\" \/>\n<meta property=\"og:image\" content=\"https:\/\/com-n-connect.fr\/wp-content\/uploads\/2025\/09\/backweb-e1759349267464.jpg\" \/>\n\t<meta property=\"og:image:width\" content=\"1200\" \/>\n\t<meta property=\"og:image:height\" content=\"458\" \/>\n\t<meta property=\"og:image:type\" content=\"image\/jpeg\" \/>\n<meta name=\"twitter:card\" content=\"summary_large_image\" \/>\n<meta name=\"twitter:label1\" content=\"Dur\u00e9e de lecture estim\u00e9e\" \/>\n\t<meta name=\"twitter:data1\" content=\"2 minutes\" \/>\n<script type=\"application\/ld+json\" class=\"yoast-schema-graph\">{\"@context\":\"https:\/\/schema.org\",\"@graph\":[{\"@type\":\"WebPage\",\"@id\":\"https:\/\/com-n-connect.fr\/index.php\/solutions-communication-accessibles\/\",\"url\":\"https:\/\/com-n-connect.fr\/index.php\/solutions-communication-accessibles\/\",\"name\":\"Coups de pouce \u2013 Solutions accessibles pour votre communication\",\"isPartOf\":{\"@id\":\"https:\/\/com-n-connect.fr\/#website\"},\"datePublished\":\"2024-05-04T19:43:08+00:00\",\"dateModified\":\"2025-10-06T15:04:50+00:00\",\"description\":\"Les \u00ab coups de pouce \u00bb : solutions accessibles et efficaces pour booster votre communication et vos projets, sans exploser votre budget.\",\"breadcrumb\":{\"@id\":\"https:\/\/com-n-connect.fr\/index.php\/solutions-communication-accessibles\/#breadcrumb\"},\"inLanguage\":\"fr-FR\",\"potentialAction\":[{\"@type\":\"ReadAction\",\"target\":[\"https:\/\/com-n-connect.fr\/index.php\/solutions-communication-accessibles\/\"]}]},{\"@type\":\"BreadcrumbList\",\"@id\":\"https:\/\/com-n-connect.fr\/index.php\/solutions-communication-accessibles\/#breadcrumb\",\"itemListElement\":[{\"@type\":\"ListItem\",\"position\":1,\"name\":\"Accueil\",\"item\":\"https:\/\/com-n-connect.fr\/\"},{\"@type\":\"ListItem\",\"position\":2,\"name\":\"\ud83d\udc4d Les Coups de Pouce\"}]},{\"@type\":\"WebSite\",\"@id\":\"https:\/\/com-n-connect.fr\/#website\",\"url\":\"https:\/\/com-n-connect.fr\/\",\"name\":\"Com&Connect\",\"description\":\"L&#039;agence de communication id\u00e9ale pour tous vos projets Web &amp; Print !\",\"publisher\":{\"@id\":\"https:\/\/com-n-connect.fr\/#organization\"},\"alternateName\":\"Agence de communication Orchies\",\"potentialAction\":[{\"@type\":\"SearchAction\",\"target\":{\"@type\":\"EntryPoint\",\"urlTemplate\":\"https:\/\/com-n-connect.fr\/?s={search_term_string}\"},\"query-input\":{\"@type\":\"PropertyValueSpecification\",\"valueRequired\":true,\"valueName\":\"search_term_string\"}}],\"inLanguage\":\"fr-FR\"},{\"@type\":\"Organization\",\"@id\":\"https:\/\/com-n-connect.fr\/#organization\",\"name\":\"Com' & Connect\",\"alternateName\":\"Agence de communication\",\"url\":\"https:\/\/com-n-connect.fr\/\",\"logo\":{\"@type\":\"ImageObject\",\"inLanguage\":\"fr-FR\",\"@id\":\"https:\/\/com-n-connect.fr\/#\/schema\/logo\/image\/\",\"url\":\"https:\/\/com-n-connect.fr\/wp-content\/uploads\/2025\/05\/LOGOCC_gd-150x82-1.png\",\"contentUrl\":\"https:\/\/com-n-connect.fr\/wp-content\/uploads\/2025\/05\/LOGOCC_gd-150x82-1.png\",\"width\":150,\"height\":82,\"caption\":\"Com' & Connect\"},\"image\":{\"@id\":\"https:\/\/com-n-connect.fr\/#\/schema\/logo\/image\/\"},\"sameAs\":[\"https:\/\/www.facebook.com\/comnconnect\",\"https:\/\/www.linkedin.com\/in\/julien-pruvost-766200176\/\"]}]}<\/script>\n<!-- \/ Yoast SEO plugin. -->","yoast_head_json":{"title":"Coups de pouce \u2013 Solutions accessibles pour votre communication","description":"Les \u00ab coups de pouce \u00bb : solutions accessibles et efficaces pour booster votre communication et vos projets, sans exploser votre budget.","robots":{"index":"index","follow":"follow","max-snippet":"max-snippet:-1","max-image-preview":"max-image-preview:large","max-video-preview":"max-video-preview:-1"},"canonical":"https:\/\/com-n-connect.fr\/index.php\/solutions-communication-accessibles\/","og_locale":"fr_FR","og_type":"article","og_title":"Coups de pouce \u2013 Solutions accessibles pour votre communication","og_description":"Les \u00ab coups de pouce \u00bb : solutions accessibles et efficaces pour booster votre communication et vos projets, sans exploser votre budget.","og_url":"https:\/\/com-n-connect.fr\/index.php\/solutions-communication-accessibles\/","og_site_name":"Com&amp;Connect","article_publisher":"https:\/\/www.facebook.com\/comnconnect","article_modified_time":"2025-10-06T15:04:50+00:00","og_image":[{"width":1200,"height":458,"url":"https:\/\/com-n-connect.fr\/wp-content\/uploads\/2025\/09\/backweb-e1759349267464.jpg","type":"image\/jpeg"}],"twitter_card":"summary_large_image","twitter_misc":{"Dur\u00e9e de lecture estim\u00e9e":"2 minutes"},"schema":{"@context":"https:\/\/schema.org","@graph":[{"@type":"WebPage","@id":"https:\/\/com-n-connect.fr\/index.php\/solutions-communication-accessibles\/","url":"https:\/\/com-n-connect.fr\/index.php\/solutions-communication-accessibles\/","name":"Coups de pouce \u2013 Solutions accessibles pour votre communication","isPartOf":{"@id":"https:\/\/com-n-connect.fr\/#website"},"datePublished":"2024-05-04T19:43:08+00:00","dateModified":"2025-10-06T15:04:50+00:00","description":"Les \u00ab coups de pouce \u00bb : solutions accessibles et efficaces pour booster votre communication et vos projets, sans exploser votre budget.","breadcrumb":{"@id":"https:\/\/com-n-connect.fr\/index.php\/solutions-communication-accessibles\/#breadcrumb"},"inLanguage":"fr-FR","potentialAction":[{"@type":"ReadAction","target":["https:\/\/com-n-connect.fr\/index.php\/solutions-communication-accessibles\/"]}]},{"@type":"BreadcrumbList","@id":"https:\/\/com-n-connect.fr\/index.php\/solutions-communication-accessibles\/#breadcrumb","itemListElement":[{"@type":"ListItem","position":1,"name":"Accueil","item":"https:\/\/com-n-connect.fr\/"},{"@type":"ListItem","position":2,"name":"\ud83d\udc4d Les Coups de Pouce"}]},{"@type":"WebSite","@id":"https:\/\/com-n-connect.fr\/#website","url":"https:\/\/com-n-connect.fr\/","name":"Com&Connect","description":"L&#039;agence de communication id\u00e9ale pour tous vos projets Web &amp; Print !","publisher":{"@id":"https:\/\/com-n-connect.fr\/#organization"},"alternateName":"Agence de communication Orchies","potentialAction":[{"@type":"SearchAction","target":{"@type":"EntryPoint","urlTemplate":"https:\/\/com-n-connect.fr\/?s={search_term_string}"},"query-input":{"@type":"PropertyValueSpecification","valueRequired":true,"valueName":"search_term_string"}}],"inLanguage":"fr-FR"},{"@type":"Organization","@id":"https:\/\/com-n-connect.fr\/#organization","name":"Com' & Connect","alternateName":"Agence de communication","url":"https:\/\/com-n-connect.fr\/","logo":{"@type":"ImageObject","inLanguage":"fr-FR","@id":"https:\/\/com-n-connect.fr\/#\/schema\/logo\/image\/","url":"https:\/\/com-n-connect.fr\/wp-content\/uploads\/2025\/05\/LOGOCC_gd-150x82-1.png","contentUrl":"https:\/\/com-n-connect.fr\/wp-content\/uploads\/2025\/05\/LOGOCC_gd-150x82-1.png","width":150,"height":82,"caption":"Com' & Connect"},"image":{"@id":"https:\/\/com-n-connect.fr\/#\/schema\/logo\/image\/"},"sameAs":["https:\/\/www.facebook.com\/comnconnect","https:\/\/www.linkedin.com\/in\/julien-pruvost-766200176\/"]}]}},"_links":{"self":[{"href":"https:\/\/com-n-connect.fr\/index.php\/wp-json\/wp\/v2\/pages\/48","targetHints":{"allow":["GET"]}}],"collection":[{"href":"https:\/\/com-n-connect.fr\/index.php\/wp-json\/wp\/v2\/pages"}],"about":[{"href":"https:\/\/com-n-connect.fr\/index.php\/wp-json\/wp\/v2\/types\/page"}],"author":[{"embeddable":true,"href":"https:\/\/com-n-connect.fr\/index.php\/wp-json\/wp\/v2\/users\/1"}],"replies":[{"embeddable":true,"href":"https:\/\/com-n-connect.fr\/index.php\/wp-json\/wp\/v2\/comments?post=48"}],"version-history":[{"count":48,"href":"https:\/\/com-n-connect.fr\/index.php\/wp-json\/wp\/v2\/pages\/48\/revisions"}],"predecessor-version":[{"id":4895,"href":"https:\/\/com-n-connect.fr\/index.php\/wp-json\/wp\/v2\/pages\/48\/revisions\/4895"}],"wp:attachment":[{"href":"https:\/\/com-n-connect.fr\/index.php\/wp-json\/wp\/v2\/media?parent=48"}],"curies":[{"name":"wp","href":"https:\/\/api.w.org\/{rel}","templated":true}]}}