{"id":371,"date":"2024-05-29T23:21:55","date_gmt":"2024-05-29T21:21:55","guid":{"rendered":"https:\/\/com-n-connect.fr\/?page_id=371"},"modified":"2025-10-06T17:04:01","modified_gmt":"2025-10-06T15:04:01","slug":"gestion-association-joomla","status":"publish","type":"page","link":"https:\/\/com-n-connect.fr\/index.php\/site-web-orchies-pevele\/gestion-association-joomla\/","title":{"rendered":"Associatif"},"content":{"rendered":"<div id=\"pl-371\"  class=\"panel-layout\" ><div id=\"pg-371-0\"  class=\"panel-grid panel-no-style\" ><div id=\"pgc-371-0-0\"  class=\"panel-grid-cell\" ><div id=\"panel-371-0-0-0\" class=\"so-panel widget widget_sow-headline panel-first-child panel-last-child\" data-index=\"0\" ><div\n\t\t\t\n\t\t\tclass=\"so-widget-sow-headline so-widget-sow-headline-default-8cb76b6c66c5-371\"\n\t\t\t\n\t\t><div class=\"sow-headline-container \">\n\t\t\t\t\t\t\t<h2 class=\"sow-headline\">\n\t\t\t\t\t\tUn investissement essentiel pour assurer  la r\u00e9ussite de vos actions\t\t\t\t\t\t<\/h2>\n\t\t\t\t\t\t\t\t\t\t\t<div class=\"decoration\">\n\t\t\t\t\t\t<div class=\"decoration-inside\"><\/div>\n\t\t\t\t\t<\/div>\n\t\t\t\t\t<\/div>\n<\/div><\/div><\/div><\/div><div id=\"pg-371-1\"  class=\"panel-grid panel-has-style\" ><div class=\"panel-row-style panel-row-style-for-371-1\" ><div id=\"pgc-371-1-0\"  class=\"panel-grid-cell\" ><div id=\"panel-371-1-0-0\" class=\"so-panel widget widget_sow-editor panel-first-child\" data-index=\"1\" ><div\n\t\t\t\n\t\t\tclass=\"so-widget-sow-editor so-widget-sow-editor-base\"\n\t\t\t\n\t\t>\n<div class=\"siteorigin-widget-tinymce textwidget\">\n\t<h4 style=\"text-align: justify;\">De nos jours, un site web est devenu un outil incontournable pour les associations.<\/h4>\n<p style=\"text-align: justify;\">Il repr\u00e9sente bien plus qu'une simple vitrine en ligne - c'est un v\u00e9ritable trait d'union avec leurs membres, sympathisants et le grand public. Un site web associatif bien con\u00e7u et r\u00e9guli\u00e8rement mis \u00e0 jour peut apporter de nombreux b\u00e9n\u00e9fices pr\u00e9cieux. Assurez une bonne gestion de votre association avec joomla.<\/p>\n<p style=\"text-align: justify;\">Tout d'abord, il permet de promouvoir de mani\u00e8re dynamique et attractive les activit\u00e9s, \u00e9v\u00e9nements et causes d\u00e9fendus par l'association. Gr\u00e2ce \u00e0 des textes percutants, des photos captivantes et une navigation intuitive, le site web suscite l'int\u00e9r\u00eat et l'adh\u00e9sion des visiteurs. Il devient ainsi un outil de communication essentiel pour toucher un large public. Cela a pour cons\u00e9quence de d\u00e9velopper le recrutement de nouveaux adh\u00e9rents et tisser du lien social. De plus, le site web facilite grandement les \u00e9changes et la collaboration au sein de l'association avec <a href=\"https:\/\/www.joomlatutorials.com\/joomla-site-association\/\">joomla<\/a>. Les membres peuvent y trouver toutes les informations pratiques, partager leurs id\u00e9es et s'impliquer plus facilement dans les projets. C'est aussi un moyen de renforcer le sentiment d'appartenance et de f\u00e9d\u00e9rer une communaut\u00e9 engag\u00e9e autour des valeurs port\u00e9es par l'association.<\/p>\n<p style=\"text-align: justify;\">Enfin, un site web associatif bien r\u00e9f\u00e9renc\u00e9 sur les moteurs de recherche permet de gagner en visibilit\u00e9 et en cr\u00e9dibilit\u00e9. Il devient une vitrine num\u00e9rique repr\u00e9sentative de la structure, de sa professionnalisme et de sa dynamique. Cela peut s'av\u00e9rer d\u00e9cisif pour attirer de nouveaux soutiens, nouer des partenariats et mobiliser des financements.<\/p>\n<p style=\"text-align: justify;\">En d\u00e9finitive, un site web associatif est un v\u00e9ritable atout pour rayonner, faciliter l'engagement et renforcer l'impact d'une association sur son \u00e9cosyst\u00e8me. La gestion de votre association devient soudainement plus facile gr\u00e2ce Joomla. C'est un outil de communication et de f\u00e9d\u00e9ration indispensable \u00e0 l'\u00e8re du num\u00e9rique.<\/p>\n<\/div>\n<\/div><\/div><div id=\"panel-371-1-0-1\" class=\"so-panel widget widget_sow-headline panel-last-child\" data-index=\"2\" ><div\n\t\t\t\n\t\t\tclass=\"so-widget-sow-headline so-widget-sow-headline-default-128debc3878c-371\"\n\t\t\t\n\t\t><div class=\"sow-headline-container \">\n\t\t\t\t\t\t\t<h4 class=\"sow-headline\">\n\t\t\t\t\t\tLancez-vous dans l'aventure du site web associatif !\t\t\t\t\t\t<\/h4>\n\t\t\t\t\t\t<\/div>\n<\/div><\/div><\/div><\/div><\/div><div id=\"pg-371-2\"  class=\"panel-grid panel-no-style\" ><div id=\"pgc-371-2-0\"  class=\"panel-grid-cell\" ><div id=\"panel-371-2-0-0\" class=\"so-panel widget widget_sow-image panel-first-child\" data-index=\"3\" ><div class=\"panel-widget-style panel-widget-style-for-371-2-0-0\" ><div\n\t\t\t\n\t\t\tclass=\"so-widget-sow-image so-widget-sow-image-default-c67d20f9f743-371\"\n\t\t\t\n\t\t>\n<div class=\"sow-image-container\">\n\t\t<img \n\tsrc=\"https:\/\/com-n-connect.fr\/wp-content\/uploads\/2024\/06\/site-associatif-scaled.jpg\" width=\"2560\" height=\"986\" srcset=\"https:\/\/com-n-connect.fr\/wp-content\/uploads\/2024\/06\/site-associatif-scaled.jpg 2560w, https:\/\/com-n-connect.fr\/wp-content\/uploads\/2024\/06\/site-associatif-300x116.jpg 300w, https:\/\/com-n-connect.fr\/wp-content\/uploads\/2024\/06\/site-associatif-1024x395.jpg 1024w, https:\/\/com-n-connect.fr\/wp-content\/uploads\/2024\/06\/site-associatif-768x296.jpg 768w, https:\/\/com-n-connect.fr\/wp-content\/uploads\/2024\/06\/site-associatif-1536x592.jpg 1536w, https:\/\/com-n-connect.fr\/wp-content\/uploads\/2024\/06\/site-associatif-2048x789.jpg 2048w\" sizes=\"(max-width: 2560px) 100vw, 2560px\" title=\"site-associatif\" alt=\"Infographie\" \t\tclass=\"so-widget-image\"\/>\n\t<\/div>\n\n<\/div><\/div><\/div><div id=\"panel-371-2-0-1\" class=\"so-panel widget widget_sow-headline panel-last-child\" data-index=\"4\" ><div\n\t\t\t\n\t\t\tclass=\"so-widget-sow-headline so-widget-sow-headline-default-c0b9174a8d85-371\"\n\t\t\t\n\t\t><div class=\"sow-headline-container \">\n\t\t\t\t\t\t\t<h3 class=\"sow-sub-headline\">\n\t\t\t\t\t\t\t\t\t\t\t\t\t<a href=\"https:\/\/com-n-connect.fr\/index.php\/devis-communication-web-print\/\" >\n\t\t\t\t\t\t\t\tCONTACTEZ-MOI<\/a>\t\t\t\t\t\t<\/h3>\n\t\t\t\t\t\t<\/div>\n<\/div><\/div><\/div><\/div><\/div>","protected":false},"excerpt":{"rendered":"<p>De nos jours, un site web est devenu un outil incontournable pour les associations. Il repr\u00e9sente bien plus qu&rsquo;une simple vitrine en ligne &#8211; c&rsquo;est un v\u00e9ritable trait d&rsquo;union avec leurs membres, sympathisants et le grand public. Un site web associatif bien con\u00e7u et r\u00e9guli\u00e8rement mis \u00e0 jour peut apporter de nombreux b\u00e9n\u00e9fices pr\u00e9cieux. Assurez [&hellip;]<\/p>\n","protected":false},"author":1,"featured_media":0,"parent":43,"menu_order":0,"comment_status":"closed","ping_status":"closed","template":"","meta":{"footnotes":""},"class_list":["post-371","page","type-page","status-publish","hentry","post"],"yoast_head":"<!-- This site is optimized with the Yoast SEO plugin v26.3 - https:\/\/yoast.com\/wordpress\/plugins\/seo\/ -->\n<title>Gestion association joomla \u2013 Site web associatif dans la P\u00e9v\u00e8le<\/title>\n<meta name=\"description\" content=\"Offrez \u00e0 votre association de la P\u00e9v\u00e8le une gestion adapt\u00e9e : actus, adh\u00e9sions, \u00e9v\u00e9nements, communication\u2026 valorisez vos projets avec joomla.\" \/>\n<meta name=\"robots\" content=\"index, follow, max-snippet:-1, max-image-preview:large, max-video-preview:-1\" \/>\n<link rel=\"canonical\" href=\"https:\/\/com-n-connect.fr\/index.php\/site-web-orchies-pevele\/gestion-association-joomla\/\" \/>\n<meta property=\"og:locale\" content=\"fr_FR\" \/>\n<meta property=\"og:type\" content=\"article\" \/>\n<meta property=\"og:title\" content=\"Gestion association joomla \u2013 Site web associatif dans la P\u00e9v\u00e8le\" \/>\n<meta property=\"og:description\" content=\"Offrez \u00e0 votre association de la P\u00e9v\u00e8le une gestion adapt\u00e9e : actus, adh\u00e9sions, \u00e9v\u00e9nements, communication\u2026 valorisez vos projets avec joomla.\" \/>\n<meta property=\"og:url\" content=\"https:\/\/com-n-connect.fr\/index.php\/site-web-orchies-pevele\/gestion-association-joomla\/\" \/>\n<meta property=\"og:site_name\" content=\"Com&amp;Connect\" \/>\n<meta property=\"article:publisher\" content=\"https:\/\/www.facebook.com\/comnconnect\" \/>\n<meta property=\"article:modified_time\" content=\"2025-10-06T15:04:01+00:00\" \/>\n<meta property=\"og:image\" content=\"https:\/\/com-n-connect.fr\/wp-content\/uploads\/2025\/09\/backweb-e1759349267464.jpg\" \/>\n\t<meta property=\"og:image:width\" content=\"1200\" \/>\n\t<meta property=\"og:image:height\" content=\"458\" \/>\n\t<meta property=\"og:image:type\" content=\"image\/jpeg\" \/>\n<meta name=\"twitter:card\" content=\"summary_large_image\" \/>\n<meta name=\"twitter:label1\" content=\"Dur\u00e9e de lecture estim\u00e9e\" \/>\n\t<meta name=\"twitter:data1\" content=\"2 minutes\" \/>\n<script type=\"application\/ld+json\" class=\"yoast-schema-graph\">{\"@context\":\"https:\/\/schema.org\",\"@graph\":[{\"@type\":\"WebPage\",\"@id\":\"https:\/\/com-n-connect.fr\/index.php\/site-web-orchies-pevele\/gestion-association-joomla\/\",\"url\":\"https:\/\/com-n-connect.fr\/index.php\/site-web-orchies-pevele\/gestion-association-joomla\/\",\"name\":\"Gestion association joomla \u2013 Site web associatif dans la P\u00e9v\u00e8le\",\"isPartOf\":{\"@id\":\"https:\/\/com-n-connect.fr\/#website\"},\"datePublished\":\"2024-05-29T21:21:55+00:00\",\"dateModified\":\"2025-10-06T15:04:01+00:00\",\"description\":\"Offrez \u00e0 votre association de la P\u00e9v\u00e8le une gestion adapt\u00e9e : actus, adh\u00e9sions, \u00e9v\u00e9nements, communication\u2026 valorisez vos projets avec joomla.\",\"breadcrumb\":{\"@id\":\"https:\/\/com-n-connect.fr\/index.php\/site-web-orchies-pevele\/gestion-association-joomla\/#breadcrumb\"},\"inLanguage\":\"fr-FR\",\"potentialAction\":[{\"@type\":\"ReadAction\",\"target\":[\"https:\/\/com-n-connect.fr\/index.php\/site-web-orchies-pevele\/gestion-association-joomla\/\"]}]},{\"@type\":\"BreadcrumbList\",\"@id\":\"https:\/\/com-n-connect.fr\/index.php\/site-web-orchies-pevele\/gestion-association-joomla\/#breadcrumb\",\"itemListElement\":[{\"@type\":\"ListItem\",\"position\":1,\"name\":\"Accueil\",\"item\":\"https:\/\/com-n-connect.fr\/\"},{\"@type\":\"ListItem\",\"position\":2,\"name\":\"\ud83d\udcbb Sites Web\",\"item\":\"https:\/\/com-n-connect.fr\/index.php\/site-web-orchies-pevele\/\"},{\"@type\":\"ListItem\",\"position\":3,\"name\":\"Associatif\"}]},{\"@type\":\"WebSite\",\"@id\":\"https:\/\/com-n-connect.fr\/#website\",\"url\":\"https:\/\/com-n-connect.fr\/\",\"name\":\"Com&Connect\",\"description\":\"L&#039;agence de communication id\u00e9ale pour tous vos projets Web &amp; Print !\",\"publisher\":{\"@id\":\"https:\/\/com-n-connect.fr\/#organization\"},\"alternateName\":\"Agence de communication Orchies\",\"potentialAction\":[{\"@type\":\"SearchAction\",\"target\":{\"@type\":\"EntryPoint\",\"urlTemplate\":\"https:\/\/com-n-connect.fr\/?s={search_term_string}\"},\"query-input\":{\"@type\":\"PropertyValueSpecification\",\"valueRequired\":true,\"valueName\":\"search_term_string\"}}],\"inLanguage\":\"fr-FR\"},{\"@type\":\"Organization\",\"@id\":\"https:\/\/com-n-connect.fr\/#organization\",\"name\":\"Com' & Connect\",\"alternateName\":\"Agence de communication\",\"url\":\"https:\/\/com-n-connect.fr\/\",\"logo\":{\"@type\":\"ImageObject\",\"inLanguage\":\"fr-FR\",\"@id\":\"https:\/\/com-n-connect.fr\/#\/schema\/logo\/image\/\",\"url\":\"https:\/\/com-n-connect.fr\/wp-content\/uploads\/2025\/05\/LOGOCC_gd-150x82-1.png\",\"contentUrl\":\"https:\/\/com-n-connect.fr\/wp-content\/uploads\/2025\/05\/LOGOCC_gd-150x82-1.png\",\"width\":150,\"height\":82,\"caption\":\"Com' & Connect\"},\"image\":{\"@id\":\"https:\/\/com-n-connect.fr\/#\/schema\/logo\/image\/\"},\"sameAs\":[\"https:\/\/www.facebook.com\/comnconnect\",\"https:\/\/www.linkedin.com\/in\/julien-pruvost-766200176\/\"]}]}<\/script>\n<!-- \/ Yoast SEO plugin. -->","yoast_head_json":{"title":"Gestion association joomla \u2013 Site web associatif dans la P\u00e9v\u00e8le","description":"Offrez \u00e0 votre association de la P\u00e9v\u00e8le une gestion adapt\u00e9e : actus, adh\u00e9sions, \u00e9v\u00e9nements, communication\u2026 valorisez vos projets avec joomla.","robots":{"index":"index","follow":"follow","max-snippet":"max-snippet:-1","max-image-preview":"max-image-preview:large","max-video-preview":"max-video-preview:-1"},"canonical":"https:\/\/com-n-connect.fr\/index.php\/site-web-orchies-pevele\/gestion-association-joomla\/","og_locale":"fr_FR","og_type":"article","og_title":"Gestion association joomla \u2013 Site web associatif dans la P\u00e9v\u00e8le","og_description":"Offrez \u00e0 votre association de la P\u00e9v\u00e8le une gestion adapt\u00e9e : actus, adh\u00e9sions, \u00e9v\u00e9nements, communication\u2026 valorisez vos projets avec joomla.","og_url":"https:\/\/com-n-connect.fr\/index.php\/site-web-orchies-pevele\/gestion-association-joomla\/","og_site_name":"Com&amp;Connect","article_publisher":"https:\/\/www.facebook.com\/comnconnect","article_modified_time":"2025-10-06T15:04:01+00:00","og_image":[{"width":1200,"height":458,"url":"https:\/\/com-n-connect.fr\/wp-content\/uploads\/2025\/09\/backweb-e1759349267464.jpg","type":"image\/jpeg"}],"twitter_card":"summary_large_image","twitter_misc":{"Dur\u00e9e de lecture estim\u00e9e":"2 minutes"},"schema":{"@context":"https:\/\/schema.org","@graph":[{"@type":"WebPage","@id":"https:\/\/com-n-connect.fr\/index.php\/site-web-orchies-pevele\/gestion-association-joomla\/","url":"https:\/\/com-n-connect.fr\/index.php\/site-web-orchies-pevele\/gestion-association-joomla\/","name":"Gestion association joomla \u2013 Site web associatif dans la P\u00e9v\u00e8le","isPartOf":{"@id":"https:\/\/com-n-connect.fr\/#website"},"datePublished":"2024-05-29T21:21:55+00:00","dateModified":"2025-10-06T15:04:01+00:00","description":"Offrez \u00e0 votre association de la P\u00e9v\u00e8le une gestion adapt\u00e9e : actus, adh\u00e9sions, \u00e9v\u00e9nements, communication\u2026 valorisez vos projets avec joomla.","breadcrumb":{"@id":"https:\/\/com-n-connect.fr\/index.php\/site-web-orchies-pevele\/gestion-association-joomla\/#breadcrumb"},"inLanguage":"fr-FR","potentialAction":[{"@type":"ReadAction","target":["https:\/\/com-n-connect.fr\/index.php\/site-web-orchies-pevele\/gestion-association-joomla\/"]}]},{"@type":"BreadcrumbList","@id":"https:\/\/com-n-connect.fr\/index.php\/site-web-orchies-pevele\/gestion-association-joomla\/#breadcrumb","itemListElement":[{"@type":"ListItem","position":1,"name":"Accueil","item":"https:\/\/com-n-connect.fr\/"},{"@type":"ListItem","position":2,"name":"\ud83d\udcbb Sites Web","item":"https:\/\/com-n-connect.fr\/index.php\/site-web-orchies-pevele\/"},{"@type":"ListItem","position":3,"name":"Associatif"}]},{"@type":"WebSite","@id":"https:\/\/com-n-connect.fr\/#website","url":"https:\/\/com-n-connect.fr\/","name":"Com&Connect","description":"L&#039;agence de communication id\u00e9ale pour tous vos projets Web &amp; Print !","publisher":{"@id":"https:\/\/com-n-connect.fr\/#organization"},"alternateName":"Agence de communication Orchies","potentialAction":[{"@type":"SearchAction","target":{"@type":"EntryPoint","urlTemplate":"https:\/\/com-n-connect.fr\/?s={search_term_string}"},"query-input":{"@type":"PropertyValueSpecification","valueRequired":true,"valueName":"search_term_string"}}],"inLanguage":"fr-FR"},{"@type":"Organization","@id":"https:\/\/com-n-connect.fr\/#organization","name":"Com' & Connect","alternateName":"Agence de communication","url":"https:\/\/com-n-connect.fr\/","logo":{"@type":"ImageObject","inLanguage":"fr-FR","@id":"https:\/\/com-n-connect.fr\/#\/schema\/logo\/image\/","url":"https:\/\/com-n-connect.fr\/wp-content\/uploads\/2025\/05\/LOGOCC_gd-150x82-1.png","contentUrl":"https:\/\/com-n-connect.fr\/wp-content\/uploads\/2025\/05\/LOGOCC_gd-150x82-1.png","width":150,"height":82,"caption":"Com' & Connect"},"image":{"@id":"https:\/\/com-n-connect.fr\/#\/schema\/logo\/image\/"},"sameAs":["https:\/\/www.facebook.com\/comnconnect","https:\/\/www.linkedin.com\/in\/julien-pruvost-766200176\/"]}]}},"_links":{"self":[{"href":"https:\/\/com-n-connect.fr\/index.php\/wp-json\/wp\/v2\/pages\/371","targetHints":{"allow":["GET"]}}],"collection":[{"href":"https:\/\/com-n-connect.fr\/index.php\/wp-json\/wp\/v2\/pages"}],"about":[{"href":"https:\/\/com-n-connect.fr\/index.php\/wp-json\/wp\/v2\/types\/page"}],"author":[{"embeddable":true,"href":"https:\/\/com-n-connect.fr\/index.php\/wp-json\/wp\/v2\/users\/1"}],"replies":[{"embeddable":true,"href":"https:\/\/com-n-connect.fr\/index.php\/wp-json\/wp\/v2\/comments?post=371"}],"version-history":[{"count":8,"href":"https:\/\/com-n-connect.fr\/index.php\/wp-json\/wp\/v2\/pages\/371\/revisions"}],"predecessor-version":[{"id":4893,"href":"https:\/\/com-n-connect.fr\/index.php\/wp-json\/wp\/v2\/pages\/371\/revisions\/4893"}],"up":[{"embeddable":true,"href":"https:\/\/com-n-connect.fr\/index.php\/wp-json\/wp\/v2\/pages\/43"}],"wp:attachment":[{"href":"https:\/\/com-n-connect.fr\/index.php\/wp-json\/wp\/v2\/media?parent=371"}],"curies":[{"name":"wp","href":"https:\/\/api.w.org\/{rel}","templated":true}]}}