{"id":369,"date":"2024-05-29T23:21:37","date_gmt":"2024-05-29T21:21:37","guid":{"rendered":"https:\/\/com-n-connect.fr\/?page_id=369"},"modified":"2025-10-06T17:02:58","modified_gmt":"2025-10-06T15:02:58","slug":"dolibarr-solution-auto-entrepreneur-tpe-association","status":"publish","type":"page","link":"https:\/\/com-n-connect.fr\/index.php\/site-web-orchies-pevele\/dolibarr-solution-auto-entrepreneur-tpe-association\/","title":{"rendered":"Outil de Gestion"},"content":{"rendered":"<div id=\"pl-369\"  class=\"panel-layout\" ><div id=\"pg-369-0\"  class=\"panel-grid panel-no-style\" ><div id=\"pgc-369-0-0\"  class=\"panel-grid-cell\" ><div id=\"panel-369-0-0-0\" class=\"so-panel widget widget_sow-headline panel-first-child panel-last-child\" data-index=\"0\" ><div\n\t\t\t\n\t\t\tclass=\"so-widget-sow-headline so-widget-sow-headline-default-8cb76b6c66c5-369\"\n\t\t\t\n\t\t><div class=\"sow-headline-container \">\n\t\t\t\t\t\t\t<h2 class=\"sow-headline\">\n\t\t\t\t\t\tDolibarr, un outil de gestion incontournable\t\t\t\t\t\t<\/h2>\n\t\t\t\t\t\t\t\t\t\t\t<div class=\"decoration\">\n\t\t\t\t\t\t<div class=\"decoration-inside\"><\/div>\n\t\t\t\t\t<\/div>\n\t\t\t\t\t<\/div>\n<\/div><\/div><\/div><\/div><div id=\"pg-369-1\"  class=\"panel-grid panel-has-style\" ><div class=\"panel-row-style panel-row-style-for-369-1\" ><div id=\"pgc-369-1-0\"  class=\"panel-grid-cell\" ><div id=\"panel-369-1-0-0\" class=\"so-panel widget widget_sow-editor panel-first-child\" data-index=\"1\" ><div\n\t\t\t\n\t\t\tclass=\"so-widget-sow-editor so-widget-sow-editor-base\"\n\t\t\t\n\t\t>\n<div class=\"siteorigin-widget-tinymce textwidget\">\n\t<p style=\"text-align: justify;\">La gestion d'une entreprise, quelle que soit sa taille, n\u00e9cessite des outils performants et adapt\u00e9s pour assurer son bon fonctionnement au quotidien. C'est l\u00e0 qu'intervient Dolibarr, un syst\u00e8me de gestion open source particuli\u00e8rement int\u00e9ressant pour les PME et les entrepreneurs. Ce syst\u00e8me de gestion est \"made in France\" <img loading=\"lazy\" decoding=\"async\" class=\"alignnone wp-image-596\" src=\"https:\/\/com-n-connect.fr\/wp-content\/uploads\/2024\/06\/drapeau-francais.png\" alt=\"\" width=\"26\" height=\"17\" srcset=\"https:\/\/com-n-connect.fr\/wp-content\/uploads\/2024\/06\/drapeau-francais.png 300w, https:\/\/com-n-connect.fr\/wp-content\/uploads\/2024\/06\/drapeau-francais-247x163.png 247w, https:\/\/com-n-connect.fr\/wp-content\/uploads\/2024\/06\/drapeau-francais-272x182.png 272w\" sizes=\"auto, (max-width: 26px) 100vw, 26px\" \/>. <a href=\"https:\/\/wiki.dolibarr.org\/index.php\/FAQ_Qui_utilise_Dolibarr\">Dolibarr<\/a>. Il est le parfait alli\u00e9 pour un auto entrepreneur, une TPE ou une <a href=\"https:\/\/com-n-connect.fr\/index.php\/site-web-orchies-pevele\/gestion-association-joomla\/\">association<\/a>.<\/p>\n<p style=\"text-align: justify;\">Dolibarr se distingue par sa flexibilit\u00e9 et sa facilit\u00e9 d'utilisation, permettant aux dirigeants de piloter efficacement leurs activit\u00e9s, de la facturation \u00e0 la comptabilit\u00e9 en passant par la gestion des stocks et des commandes. Gr\u00e2ce \u00e0 une interface intuitive et personnalisable, les utilisateurs peuvent rapidement s'approprier l'outil et l'adapter \u00e0 leurs besoins sp\u00e9cifiques. Cela garanti ainsi une meilleure productivit\u00e9 et un suivi optimal des op\u00e9rations. Dolibarr auto entrepreneur saura s'adapter aux sp\u00e9cificit\u00e9 de votre activit\u00e9.<\/p>\n<p style=\"text-align: justify;\">Au-del\u00e0 de ses fonctionnalit\u00e9s techniques, l'atout majeur de Dolibarr r\u00e9side dans sa nature open source. Cela signifie que la communaut\u00e9 des d\u00e9veloppeurs peut contribuer \u00e0 son am\u00e9lioration continue, ajoutant sans cesse de nouvelles fonctionnalit\u00e9s et correctifs pour r\u00e9pondre aux d\u00e9fis grandissants des entreprises modernes. Cette approche collaborative favorise l'innovation et assure une \u00e9volution constante de l'outil. Cela \u00e0 pour but, d'offrir aux utilisateurs une solution p\u00e9renne et toujours \u00e0 la pointe des besoins du march\u00e9.<\/p>\n<p style=\"text-align: justify;\">Bref, un site de gestion Dolibarr repr\u00e9sente un v\u00e9ritable atout strat\u00e9gique pour les entreprises qui souhaitent gagner en efficacit\u00e9, en flexibilit\u00e9 et en comp\u00e9titivit\u00e9, tout en b\u00e9n\u00e9ficiant des avantages d'un logiciel open source \u00e9volutif et entretenu par une communaut\u00e9 engag\u00e9e.<\/p>\n<\/div>\n<\/div><\/div><div id=\"panel-369-1-0-1\" class=\"so-panel widget widget_sow-headline panel-last-child\" data-index=\"2\" ><div\n\t\t\t\n\t\t\tclass=\"so-widget-sow-headline so-widget-sow-headline-default-128debc3878c-369\"\n\t\t\t\n\t\t><div class=\"sow-headline-container \">\n\t\t\t\t\t\t\t<h4 class=\"sow-headline\">\n\t\t\t\t\t\tPour une gestion compl\u00e8te et optimum, optez pour Dolibarr\t\t\t\t\t\t<\/h4>\n\t\t\t\t\t\t<\/div>\n<\/div><\/div><\/div><\/div><\/div><div id=\"pg-369-2\"  class=\"panel-grid panel-no-style\" ><div id=\"pgc-369-2-0\"  class=\"panel-grid-cell\" ><div id=\"panel-369-2-0-0\" class=\"so-panel widget widget_sow-image panel-first-child\" data-index=\"3\" ><div\n\t\t\t\n\t\t\tclass=\"so-widget-sow-image so-widget-sow-image-default-c67d20f9f743-369\"\n\t\t\t\n\t\t>\n<div class=\"sow-image-container\">\n\t\t<img \n\tsrc=\"https:\/\/com-n-connect.fr\/wp-content\/uploads\/2024\/06\/outil-de-gestion-dolibarr.png\" width=\"350\" height=\"262\" srcset=\"https:\/\/com-n-connect.fr\/wp-content\/uploads\/2024\/06\/outil-de-gestion-dolibarr.png 350w, https:\/\/com-n-connect.fr\/wp-content\/uploads\/2024\/06\/outil-de-gestion-dolibarr-300x225.png 300w\" sizes=\"(max-width: 350px) 100vw, 350px\" alt=\"Dolibarr ERP\" \t\tclass=\"so-widget-image\"\/>\n\t<\/div>\n\n<\/div><\/div><div id=\"panel-369-2-0-1\" class=\"so-panel widget widget_sow-headline panel-last-child\" data-index=\"4\" ><div\n\t\t\t\n\t\t\tclass=\"so-widget-sow-headline so-widget-sow-headline-default-c0b9174a8d85-369\"\n\t\t\t\n\t\t><div class=\"sow-headline-container \">\n\t\t\t\t\t\t\t<h3 class=\"sow-sub-headline\">\n\t\t\t\t\t\t\t\t\t\t\t\t\t<a href=\"https:\/\/com-n-connect.fr\/index.php\/devis-communication-web-print\/\" >\n\t\t\t\t\t\t\t\tCONTACTEZ-MOI<\/a>\t\t\t\t\t\t<\/h3>\n\t\t\t\t\t\t<\/div>\n<\/div><\/div><\/div><\/div><\/div>","protected":false},"excerpt":{"rendered":"<p>La gestion d&rsquo;une entreprise, quelle que soit sa taille, n\u00e9cessite des outils performants et adapt\u00e9s pour assurer son bon fonctionnement au quotidien. C&rsquo;est l\u00e0 qu&rsquo;intervient Dolibarr, un syst\u00e8me de gestion open source particuli\u00e8rement int\u00e9ressant pour les PME et les entrepreneurs. Ce syst\u00e8me de gestion est \u00ab\u00a0made in France\u00a0\u00bb . Dolibarr. Il est le parfait alli\u00e9 [&hellip;]<\/p>\n","protected":false},"author":1,"featured_media":0,"parent":43,"menu_order":0,"comment_status":"closed","ping_status":"closed","template":"","meta":{"footnotes":""},"class_list":["post-369","page","type-page","status-publish","hentry","post"],"yoast_head":"<!-- This site is optimized with the Yoast SEO plugin v26.3 - https:\/\/yoast.com\/wordpress\/plugins\/seo\/ -->\n<title>Dolibarr, solution pour auto entrepreneur, TPE &amp; association<\/title>\n<meta name=\"description\" content=\"Dolibarr auto entrepreneur saura s&#039;adapter aux sp\u00e9cificit\u00e9 de votre activit\u00e9. Un v\u00e9ritable atout strat\u00e9gique pour les entreprises.\" \/>\n<meta name=\"robots\" content=\"index, follow, max-snippet:-1, max-image-preview:large, max-video-preview:-1\" \/>\n<link rel=\"canonical\" href=\"https:\/\/com-n-connect.fr\/index.php\/site-web-orchies-pevele\/dolibarr-solution-auto-entrepreneur-tpe-association\/\" \/>\n<meta property=\"og:locale\" content=\"fr_FR\" \/>\n<meta property=\"og:type\" content=\"article\" \/>\n<meta property=\"og:title\" content=\"Dolibarr, solution pour auto entrepreneur, TPE &amp; association\" \/>\n<meta property=\"og:description\" content=\"Dolibarr auto entrepreneur saura s&#039;adapter aux sp\u00e9cificit\u00e9 de votre activit\u00e9. Un v\u00e9ritable atout strat\u00e9gique pour les entreprises.\" \/>\n<meta property=\"og:url\" content=\"https:\/\/com-n-connect.fr\/index.php\/site-web-orchies-pevele\/dolibarr-solution-auto-entrepreneur-tpe-association\/\" \/>\n<meta property=\"og:site_name\" content=\"Com&amp;Connect\" \/>\n<meta property=\"article:publisher\" content=\"https:\/\/www.facebook.com\/comnconnect\" \/>\n<meta property=\"article:modified_time\" content=\"2025-10-06T15:02:58+00:00\" \/>\n<meta property=\"og:image\" content=\"http:\/\/com-n-connect.fr\/wp-content\/uploads\/2024\/06\/drapeau-francais.png\" \/>\n<meta name=\"twitter:card\" content=\"summary_large_image\" \/>\n<meta name=\"twitter:label1\" content=\"Dur\u00e9e de lecture estim\u00e9e\" \/>\n\t<meta name=\"twitter:data1\" content=\"2 minutes\" \/>\n<script type=\"application\/ld+json\" class=\"yoast-schema-graph\">{\"@context\":\"https:\/\/schema.org\",\"@graph\":[{\"@type\":\"WebPage\",\"@id\":\"https:\/\/com-n-connect.fr\/index.php\/site-web-orchies-pevele\/dolibarr-solution-auto-entrepreneur-tpe-association\/\",\"url\":\"https:\/\/com-n-connect.fr\/index.php\/site-web-orchies-pevele\/dolibarr-solution-auto-entrepreneur-tpe-association\/\",\"name\":\"Dolibarr, solution pour auto entrepreneur, TPE & association\",\"isPartOf\":{\"@id\":\"https:\/\/com-n-connect.fr\/#website\"},\"primaryImageOfPage\":{\"@id\":\"https:\/\/com-n-connect.fr\/index.php\/site-web-orchies-pevele\/dolibarr-solution-auto-entrepreneur-tpe-association\/#primaryimage\"},\"image\":{\"@id\":\"https:\/\/com-n-connect.fr\/index.php\/site-web-orchies-pevele\/dolibarr-solution-auto-entrepreneur-tpe-association\/#primaryimage\"},\"thumbnailUrl\":\"http:\/\/com-n-connect.fr\/wp-content\/uploads\/2024\/06\/drapeau-francais.png\",\"datePublished\":\"2024-05-29T21:21:37+00:00\",\"dateModified\":\"2025-10-06T15:02:58+00:00\",\"description\":\"Dolibarr auto entrepreneur saura s'adapter aux sp\u00e9cificit\u00e9 de votre activit\u00e9. Un v\u00e9ritable atout strat\u00e9gique pour les entreprises.\",\"breadcrumb\":{\"@id\":\"https:\/\/com-n-connect.fr\/index.php\/site-web-orchies-pevele\/dolibarr-solution-auto-entrepreneur-tpe-association\/#breadcrumb\"},\"inLanguage\":\"fr-FR\",\"potentialAction\":[{\"@type\":\"ReadAction\",\"target\":[\"https:\/\/com-n-connect.fr\/index.php\/site-web-orchies-pevele\/dolibarr-solution-auto-entrepreneur-tpe-association\/\"]}]},{\"@type\":\"ImageObject\",\"inLanguage\":\"fr-FR\",\"@id\":\"https:\/\/com-n-connect.fr\/index.php\/site-web-orchies-pevele\/dolibarr-solution-auto-entrepreneur-tpe-association\/#primaryimage\",\"url\":\"http:\/\/com-n-connect.fr\/wp-content\/uploads\/2024\/06\/drapeau-francais.png\",\"contentUrl\":\"http:\/\/com-n-connect.fr\/wp-content\/uploads\/2024\/06\/drapeau-francais.png\"},{\"@type\":\"BreadcrumbList\",\"@id\":\"https:\/\/com-n-connect.fr\/index.php\/site-web-orchies-pevele\/dolibarr-solution-auto-entrepreneur-tpe-association\/#breadcrumb\",\"itemListElement\":[{\"@type\":\"ListItem\",\"position\":1,\"name\":\"Accueil\",\"item\":\"https:\/\/com-n-connect.fr\/\"},{\"@type\":\"ListItem\",\"position\":2,\"name\":\"\ud83d\udcbb Sites Web\",\"item\":\"https:\/\/com-n-connect.fr\/index.php\/site-web-orchies-pevele\/\"},{\"@type\":\"ListItem\",\"position\":3,\"name\":\"Outil de Gestion\"}]},{\"@type\":\"WebSite\",\"@id\":\"https:\/\/com-n-connect.fr\/#website\",\"url\":\"https:\/\/com-n-connect.fr\/\",\"name\":\"Com&Connect\",\"description\":\"L&#039;agence de communication id\u00e9ale pour tous vos projets Web &amp; Print !\",\"publisher\":{\"@id\":\"https:\/\/com-n-connect.fr\/#organization\"},\"alternateName\":\"Agence de communication Orchies\",\"potentialAction\":[{\"@type\":\"SearchAction\",\"target\":{\"@type\":\"EntryPoint\",\"urlTemplate\":\"https:\/\/com-n-connect.fr\/?s={search_term_string}\"},\"query-input\":{\"@type\":\"PropertyValueSpecification\",\"valueRequired\":true,\"valueName\":\"search_term_string\"}}],\"inLanguage\":\"fr-FR\"},{\"@type\":\"Organization\",\"@id\":\"https:\/\/com-n-connect.fr\/#organization\",\"name\":\"Com' & Connect\",\"alternateName\":\"Agence de communication\",\"url\":\"https:\/\/com-n-connect.fr\/\",\"logo\":{\"@type\":\"ImageObject\",\"inLanguage\":\"fr-FR\",\"@id\":\"https:\/\/com-n-connect.fr\/#\/schema\/logo\/image\/\",\"url\":\"https:\/\/com-n-connect.fr\/wp-content\/uploads\/2025\/05\/LOGOCC_gd-150x82-1.png\",\"contentUrl\":\"https:\/\/com-n-connect.fr\/wp-content\/uploads\/2025\/05\/LOGOCC_gd-150x82-1.png\",\"width\":150,\"height\":82,\"caption\":\"Com' & Connect\"},\"image\":{\"@id\":\"https:\/\/com-n-connect.fr\/#\/schema\/logo\/image\/\"},\"sameAs\":[\"https:\/\/www.facebook.com\/comnconnect\",\"https:\/\/www.linkedin.com\/in\/julien-pruvost-766200176\/\"]}]}<\/script>\n<!-- \/ Yoast SEO plugin. -->","yoast_head_json":{"title":"Dolibarr, solution pour auto entrepreneur, TPE & association","description":"Dolibarr auto entrepreneur saura s'adapter aux sp\u00e9cificit\u00e9 de votre activit\u00e9. Un v\u00e9ritable atout strat\u00e9gique pour les entreprises.","robots":{"index":"index","follow":"follow","max-snippet":"max-snippet:-1","max-image-preview":"max-image-preview:large","max-video-preview":"max-video-preview:-1"},"canonical":"https:\/\/com-n-connect.fr\/index.php\/site-web-orchies-pevele\/dolibarr-solution-auto-entrepreneur-tpe-association\/","og_locale":"fr_FR","og_type":"article","og_title":"Dolibarr, solution pour auto entrepreneur, TPE & association","og_description":"Dolibarr auto entrepreneur saura s'adapter aux sp\u00e9cificit\u00e9 de votre activit\u00e9. Un v\u00e9ritable atout strat\u00e9gique pour les entreprises.","og_url":"https:\/\/com-n-connect.fr\/index.php\/site-web-orchies-pevele\/dolibarr-solution-auto-entrepreneur-tpe-association\/","og_site_name":"Com&amp;Connect","article_publisher":"https:\/\/www.facebook.com\/comnconnect","article_modified_time":"2025-10-06T15:02:58+00:00","og_image":[{"url":"http:\/\/com-n-connect.fr\/wp-content\/uploads\/2024\/06\/drapeau-francais.png","type":"","width":"","height":""}],"twitter_card":"summary_large_image","twitter_misc":{"Dur\u00e9e de lecture estim\u00e9e":"2 minutes"},"schema":{"@context":"https:\/\/schema.org","@graph":[{"@type":"WebPage","@id":"https:\/\/com-n-connect.fr\/index.php\/site-web-orchies-pevele\/dolibarr-solution-auto-entrepreneur-tpe-association\/","url":"https:\/\/com-n-connect.fr\/index.php\/site-web-orchies-pevele\/dolibarr-solution-auto-entrepreneur-tpe-association\/","name":"Dolibarr, solution pour auto entrepreneur, TPE & association","isPartOf":{"@id":"https:\/\/com-n-connect.fr\/#website"},"primaryImageOfPage":{"@id":"https:\/\/com-n-connect.fr\/index.php\/site-web-orchies-pevele\/dolibarr-solution-auto-entrepreneur-tpe-association\/#primaryimage"},"image":{"@id":"https:\/\/com-n-connect.fr\/index.php\/site-web-orchies-pevele\/dolibarr-solution-auto-entrepreneur-tpe-association\/#primaryimage"},"thumbnailUrl":"http:\/\/com-n-connect.fr\/wp-content\/uploads\/2024\/06\/drapeau-francais.png","datePublished":"2024-05-29T21:21:37+00:00","dateModified":"2025-10-06T15:02:58+00:00","description":"Dolibarr auto entrepreneur saura s'adapter aux sp\u00e9cificit\u00e9 de votre activit\u00e9. Un v\u00e9ritable atout strat\u00e9gique pour les entreprises.","breadcrumb":{"@id":"https:\/\/com-n-connect.fr\/index.php\/site-web-orchies-pevele\/dolibarr-solution-auto-entrepreneur-tpe-association\/#breadcrumb"},"inLanguage":"fr-FR","potentialAction":[{"@type":"ReadAction","target":["https:\/\/com-n-connect.fr\/index.php\/site-web-orchies-pevele\/dolibarr-solution-auto-entrepreneur-tpe-association\/"]}]},{"@type":"ImageObject","inLanguage":"fr-FR","@id":"https:\/\/com-n-connect.fr\/index.php\/site-web-orchies-pevele\/dolibarr-solution-auto-entrepreneur-tpe-association\/#primaryimage","url":"http:\/\/com-n-connect.fr\/wp-content\/uploads\/2024\/06\/drapeau-francais.png","contentUrl":"http:\/\/com-n-connect.fr\/wp-content\/uploads\/2024\/06\/drapeau-francais.png"},{"@type":"BreadcrumbList","@id":"https:\/\/com-n-connect.fr\/index.php\/site-web-orchies-pevele\/dolibarr-solution-auto-entrepreneur-tpe-association\/#breadcrumb","itemListElement":[{"@type":"ListItem","position":1,"name":"Accueil","item":"https:\/\/com-n-connect.fr\/"},{"@type":"ListItem","position":2,"name":"\ud83d\udcbb Sites Web","item":"https:\/\/com-n-connect.fr\/index.php\/site-web-orchies-pevele\/"},{"@type":"ListItem","position":3,"name":"Outil de Gestion"}]},{"@type":"WebSite","@id":"https:\/\/com-n-connect.fr\/#website","url":"https:\/\/com-n-connect.fr\/","name":"Com&Connect","description":"L&#039;agence de communication id\u00e9ale pour tous vos projets Web &amp; Print !","publisher":{"@id":"https:\/\/com-n-connect.fr\/#organization"},"alternateName":"Agence de communication Orchies","potentialAction":[{"@type":"SearchAction","target":{"@type":"EntryPoint","urlTemplate":"https:\/\/com-n-connect.fr\/?s={search_term_string}"},"query-input":{"@type":"PropertyValueSpecification","valueRequired":true,"valueName":"search_term_string"}}],"inLanguage":"fr-FR"},{"@type":"Organization","@id":"https:\/\/com-n-connect.fr\/#organization","name":"Com' & Connect","alternateName":"Agence de communication","url":"https:\/\/com-n-connect.fr\/","logo":{"@type":"ImageObject","inLanguage":"fr-FR","@id":"https:\/\/com-n-connect.fr\/#\/schema\/logo\/image\/","url":"https:\/\/com-n-connect.fr\/wp-content\/uploads\/2025\/05\/LOGOCC_gd-150x82-1.png","contentUrl":"https:\/\/com-n-connect.fr\/wp-content\/uploads\/2025\/05\/LOGOCC_gd-150x82-1.png","width":150,"height":82,"caption":"Com' & Connect"},"image":{"@id":"https:\/\/com-n-connect.fr\/#\/schema\/logo\/image\/"},"sameAs":["https:\/\/www.facebook.com\/comnconnect","https:\/\/www.linkedin.com\/in\/julien-pruvost-766200176\/"]}]}},"_links":{"self":[{"href":"https:\/\/com-n-connect.fr\/index.php\/wp-json\/wp\/v2\/pages\/369","targetHints":{"allow":["GET"]}}],"collection":[{"href":"https:\/\/com-n-connect.fr\/index.php\/wp-json\/wp\/v2\/pages"}],"about":[{"href":"https:\/\/com-n-connect.fr\/index.php\/wp-json\/wp\/v2\/types\/page"}],"author":[{"embeddable":true,"href":"https:\/\/com-n-connect.fr\/index.php\/wp-json\/wp\/v2\/users\/1"}],"replies":[{"embeddable":true,"href":"https:\/\/com-n-connect.fr\/index.php\/wp-json\/wp\/v2\/comments?post=369"}],"version-history":[{"count":9,"href":"https:\/\/com-n-connect.fr\/index.php\/wp-json\/wp\/v2\/pages\/369\/revisions"}],"predecessor-version":[{"id":4891,"href":"https:\/\/com-n-connect.fr\/index.php\/wp-json\/wp\/v2\/pages\/369\/revisions\/4891"}],"up":[{"embeddable":true,"href":"https:\/\/com-n-connect.fr\/index.php\/wp-json\/wp\/v2\/pages\/43"}],"wp:attachment":[{"href":"https:\/\/com-n-connect.fr\/index.php\/wp-json\/wp\/v2\/media?parent=369"}],"curies":[{"name":"wp","href":"https:\/\/api.w.org\/{rel}","templated":true}]}}